{"id":31360,"date":"2020-05-30T00:41:02","date_gmt":"2020-05-29T20:41:02","guid":{"rendered":"https:\/\/babykids.ee\/?post_type=product&#038;p=31360"},"modified":"2025-03-14T01:41:13","modified_gmt":"2025-03-13T21:41:13","slug":"riko-nano-pro-03-pearl-pink","status":"publish","type":"product","link":"https:\/\/babykids.ee\/ru\/Toode\/riko-nano-pro-03-pearl-pink\/","title":{"rendered":"Riko NANO pro  03 Pearl pink"},"content":{"rendered":"<p><iframe loading=\"lazy\" title=\"Riko Nano PRO - w\u00f3zek dzieci\u0119cy 2w1 lub 3w1 z doskona\u0142\u0105 amortyzacj\u0105\" width=\"500\" height=\"281\" src=\"https:\/\/www.youtube.com\/embed\/K3nGff9LpDM?feature=oembed\" frameborder=\"0\" allow=\"accelerometer; autoplay; clipboard-write; encrypted-media; gyroscope; picture-in-picture; web-share\" referrerpolicy=\"strict-origin-when-cross-origin\" allowfullscreen><\/iframe><\/p>\n<p><span style=\"vertical-align: inherit;\"><span style=\"vertical-align: inherit;\"><span style=\"vertical-align: inherit;\"><span style=\"vertical-align: inherit;\">\u041c\u043e\u0434\u0443\u043b\u044c\u043d\u0430\u044f \u043a\u043e\u043b\u044f\u0441\u043a\u0430 RIKO NANO PRO 2 \u0432 1 \u2014 \u044d\u0442\u043e \u043c\u043e\u0434\u043d\u044b\u0435 \u0446\u0432\u0435\u0442\u0430, \u043a\u0430\u0447\u0435\u0441\u0442\u0432\u0435\u043d\u043d\u044b\u0435 \u043c\u0430\u0442\u0435\u0440\u0438\u0430\u043b\u044b \u0438 \u0441\u0442\u0438\u043b\u044c\u043d\u044b\u0439 \u0434\u0438\u0437\u0430\u0439\u043d. RIKO NANO PRO \u0434\u043e\u0441\u0442\u0443\u043f\u0435\u043d \u0432 6 \u0446\u0432\u0435\u0442\u0430\u0445.<\/span><\/span><\/span><\/span><\/p>\n<p><strong><span style=\"vertical-align: inherit;\"><span style=\"vertical-align: inherit;\"><span style=\"vertical-align: inherit;\"><span style=\"vertical-align: inherit;\">\u041b\u044e\u043b\u044c\u043a\u0430<\/span><\/span><\/span><\/span><\/strong><\/p>\n<ul>\n<li><span style=\"vertical-align: inherit;\"><span style=\"vertical-align: inherit;\"><span style=\"vertical-align: inherit;\"><span style=\"vertical-align: inherit;\">\u0420\u0430\u0437\u043c\u0435\u0440\u044b \u043a\u0440\u043e\u0432\u0430\u0442\u0438 \u0432 \u0441\u043c (\u0414x\u0428x\u0412): 80x38x25<\/span><\/span><\/span><\/span><\/li>\n<li><span style=\"vertical-align: inherit;\"><span style=\"vertical-align: inherit;\"><span style=\"vertical-align: inherit;\"><span style=\"vertical-align: inherit;\">\u0412\u043d\u0435\u0448\u043d\u0438\u0435 \u0440\u0430\u0437\u043c\u0435\u0440\u044b \u043b\u044e\u043b\u044c\u043a\u0438 \u0432 \u0441\u043c (\u0414x\u0428x\u0412): 85x43x27<\/span><\/span><\/span><\/span><\/li>\n<li><span style=\"vertical-align: inherit;\"><span style=\"vertical-align: inherit;\"><span style=\"vertical-align: inherit;\"><span style=\"vertical-align: inherit;\">\u0412\u0435\u0441 \u043b\u044e\u043b\u044c\u043a\u0438 \u0432 \u043a\u0433 (\u0431\u0435\u0437 \u0447\u0435\u0445\u043b\u0430): 4,6<\/span><\/span><\/span><\/span><\/li>\n<li><span style=\"vertical-align: inherit;\"><span style=\"vertical-align: inherit;\"><span style=\"vertical-align: inherit;\"><span style=\"vertical-align: inherit;\">\u0412\u0435\u0441 \u043b\u044e\u043b\u044c\u043a\u0438 \u0441 \u0448\u0430\u0441\u0441\u0438 \u0432 \u043a\u0433: 13,5<\/span><\/span><\/span><\/span><\/li>\n<li><span style=\"vertical-align: inherit;\"><span style=\"vertical-align: inherit;\"><span style=\"vertical-align: inherit;\"><span style=\"vertical-align: inherit;\">\u0420\u0430\u0437\u043c\u0435\u0440\u044b \u043b\u044e\u043b\u044c\u043a\u0438 + \u0448\u0430\u0441\u0441\u0438 \u0432 \u0441\u0431\u043e\u0440\u0435 \u0432 \u0441\u043c (\u0414x\u0428x\u0412): 102x58x120<\/span><\/span><\/span><\/span><\/li>\n<li><span style=\"vertical-align: inherit;\"><span style=\"vertical-align: inherit;\"><span style=\"vertical-align: inherit;\"><span style=\"vertical-align: inherit;\">\u041c\u0430\u0442\u0440\u0430\u0441 \u0438\u0437 \u043a\u043e\u043a\u043e\u0441\u0430<\/span><\/span><\/span><\/span><\/li>\n<\/ul>\n<p><strong><span style=\"vertical-align: inherit;\"><span style=\"vertical-align: inherit;\"><span style=\"vertical-align: inherit;\"><span style=\"vertical-align: inherit;\">\u041f\u0440\u043e\u0433\u0443\u043b\u043e\u0447\u043d\u044b\u0439 \u0431\u043b\u043e\u043a<\/span><\/span><\/span><\/span><\/strong><\/p>\n<ul>\n<li><span style=\"vertical-align: inherit;\"><span style=\"vertical-align: inherit;\"><span style=\"vertical-align: inherit;\"><span style=\"vertical-align: inherit;\">\u0427\u0435\u0445\u043e\u043b \u0434\u043b\u044f \u043d\u043e\u0433: \u0434\u0430<\/span><\/span><\/span><\/span><\/li>\n<li><span style=\"vertical-align: inherit;\"><span style=\"vertical-align: inherit;\"><span style=\"vertical-align: inherit;\"><span style=\"vertical-align: inherit;\">\u0413\u043e\u0440\u0438\u0437\u043e\u043d\u0442\u0430\u043b\u044c\u043d\u043e\u0435 \u043f\u043e\u043b\u043e\u0436\u0435\u043d\u0438\u0435 \u0441\u043f\u0438\u043d\u043a\u0438 \u043f\u0440\u043e\u0433\u0443\u043b\u043e\u0447\u043d\u043e\u0433\u043e \u0431\u043b\u043e\u043a\u0430: \u0434\u0430<\/span><\/span><\/span><\/span><\/li>\n<li><span style=\"vertical-align: inherit;\"><span style=\"vertical-align: inherit;\"><span style=\"vertical-align: inherit;\"><span style=\"vertical-align: inherit;\">\u0420\u0435\u0433\u0443\u043b\u0438\u0440\u043e\u0432\u043a\u0430 \u0443\u0433\u043b\u0430 \u043d\u0430\u043a\u043b\u043e\u043d\u0430 \u0441\u043f\u0438\u043d\u043a\u0438 \u0441\u0438\u0434\u0435\u043d\u044c\u044f: \u0434\u0430, \u0431\u0435\u0441\u0441\u0442\u0443\u043f\u0435\u043d\u0447\u0430\u0442\u0430\u044f<\/span><\/span><\/span><\/span><\/li>\n<li><span style=\"vertical-align: inherit;\"><span style=\"vertical-align: inherit;\"><span style=\"vertical-align: inherit;\"><span style=\"vertical-align: inherit;\">\u0420\u0443\u0447\u043a\u0430-\u0431\u0430\u043c\u043f\u0435\u0440: \u0434\u0430, \u0441\u044a\u0435\u043c\u043d\u0430\u044f<\/span><\/span><\/span><\/span><\/li>\n<li><span style=\"vertical-align: inherit;\"><span style=\"vertical-align: inherit;\"><span style=\"vertical-align: inherit;\"><span style=\"vertical-align: inherit;\">\u0420\u0435\u043c\u043d\u0438 \u0431\u0435\u0437\u043e\u043f\u0430\u0441\u043d\u043e\u0441\u0442\u0438: 5-\u0442\u043e\u0447\u0435\u0447\u043d\u044b\u0435<\/span><\/span><\/span><\/span><\/li>\n<li><span style=\"vertical-align: inherit;\"><span style=\"vertical-align: inherit;\"><span style=\"vertical-align: inherit;\"><span style=\"vertical-align: inherit;\">\u041a\u043e\u043b\u0438\u0447\u0435\u0441\u0442\u0432\u043e \u043f\u043e\u043b\u043e\u0436\u0435\u043d\u0438\u0439 \u0441\u043f\u0438\u043d\u043a\u0438 \u043f\u0440\u043e\u0433\u0443\u043b\u043e\u0447\u043d\u043e\u0433\u043e \u0431\u043b\u043e\u043a\u0430: 5<\/span><\/span><\/span><\/span><\/li>\n<li><span style=\"vertical-align: inherit;\"><span style=\"vertical-align: inherit;\"><span style=\"vertical-align: inherit;\"><span style=\"vertical-align: inherit;\">\u041a\u043e\u043b\u0438\u0447\u0435\u0441\u0442\u0432\u043e \u043f\u043e\u043b\u043e\u0436\u0435\u043d\u0438\u0439 \u043a\u043e\u0437\u044b\u0440\u044c\u043a\u0430 (\u043a\u0430\u043f\u044e\u0448\u043e\u043d\u0430) \u043f\u0440\u043e\u0433\u0443\u043b\u043e\u0447\u043d\u043e\u0433\u043e \u0431\u043b\u043e\u043a\u0430: 4<\/span><\/span><\/span><\/span><\/li>\n<li><span style=\"vertical-align: inherit;\"><span style=\"vertical-align: inherit;\"><span style=\"vertical-align: inherit;\"><span style=\"vertical-align: inherit;\">\u0412\u044b\u0441\u043e\u0442\u0430 \u0438 \u0448\u0438\u0440\u0438\u043d\u0430 \u0441\u043f\u0438\u043d\u043a\u0438 \u043f\u0440\u043e\u0433\u0443\u043b\u043e\u0447\u043d\u043e\u0433\u043e \u0431\u043b\u043e\u043a\u0430 \u0432 \u0441\u043c (\u0414x\u0428): 47&#215;36<\/span><\/span><\/span><\/span><\/li>\n<li><span style=\"vertical-align: inherit;\"><span style=\"vertical-align: inherit;\"><span style=\"vertical-align: inherit;\"><span style=\"vertical-align: inherit;\">\u0414\u043b\u0438\u043d\u0430 (\u0433\u043b\u0443\u0431\u0438\u043d\u0430) \u0438 \u0448\u0438\u0440\u0438\u043d\u0430 \u0441\u0438\u0434\u0435\u043d\u044c\u044f \u043f\u0440\u043e\u0433\u0443\u043b\u043e\u0447\u043d\u043e\u0433\u043e \u0431\u043b\u043e\u043a\u0430 \u0432 \u0441\u043c (\u0414x\u0428): 25&#215;36<\/span><\/span><\/span><\/span><\/li>\n<li><span style=\"vertical-align: inherit;\"><span style=\"vertical-align: inherit;\"><span style=\"vertical-align: inherit;\"><span style=\"vertical-align: inherit;\">\u0412\u043d\u0443\u0442\u0440\u0435\u043d\u043d\u0438\u0435 \u0440\u0430\u0437\u043c\u0435\u0440\u044b \u0431\u043b\u043e\u043a\u0430 \u0432 \u0441\u043c (\u0414x\u0428): 93&#215;36<\/span><\/span><\/span><\/span><\/li>\n<li><span style=\"vertical-align: inherit;\"><span style=\"vertical-align: inherit;\"><span style=\"vertical-align: inherit;\"><span style=\"vertical-align: inherit;\">\u0412\u0435\u0441 \u0441\u0438\u0434\u0435\u043d\u044c\u044f \u0432 \u043a\u0433 (\u0431\u0435\u0437 \u0447\u0435\u0445\u043b\u0430): 5,4<\/span><\/span><\/span><\/span><\/li>\n<li><span style=\"vertical-align: inherit;\"><span style=\"vertical-align: inherit;\"><span style=\"vertical-align: inherit;\"><span style=\"vertical-align: inherit;\">\u0412\u0435\u0441 \u043f\u0440\u043e\u0433\u0443\u043b\u043e\u0447\u043d\u043e\u0433\u043e \u0431\u043b\u043e\u043a\u0430 \u0441 \u0448\u0430\u0441\u0441\u0438 \u0432 \u043a\u0433: 14,3<\/span><\/span><\/span><\/span><\/li>\n<li><span style=\"vertical-align: inherit;\"><span style=\"vertical-align: inherit;\"><span style=\"vertical-align: inherit;\"><span style=\"vertical-align: inherit;\">\u0413\u0430\u0431\u0430\u0440\u0438\u0442\u044b \u043f\u0440\u043e\u0433\u0443\u043b\u043e\u0447\u043d\u043e\u0433\u043e \u0431\u043b\u043e\u043a\u0430 + \u0448\u0430\u0441\u0441\u0438 \u0432 \u0441\u043e\u0431\u0440\u0430\u043d\u043d\u043e\u043c \u0432\u0438\u0434\u0435 \u0432 \u0441\u043c (\u0414x\u0428x\u0412): 115x58x117<\/span><\/span><\/span><\/span><\/li>\n<\/ul>\n<p><strong><span style=\"vertical-align: inherit;\"><span style=\"vertical-align: inherit;\"><span style=\"vertical-align: inherit;\"><span style=\"vertical-align: inherit;\">\u0428\u0430\u0441\u0441\u0438<\/span><\/span><\/span><\/span><\/strong><\/p>\n<ul>\n<li><span style=\"vertical-align: inherit;\"><span style=\"vertical-align: inherit;\"><span style=\"vertical-align: inherit;\"><span style=\"vertical-align: inherit;\">\u041a\u043e\u0440\u0437\u0438\u043d\u0430: \u0434\u0430, \u0437\u0430\u043a\u0440\u044b\u0442\u043e<\/span><\/span><\/span><\/span><\/li>\n<li><span style=\"vertical-align: inherit;\"><span style=\"vertical-align: inherit;\"><span style=\"vertical-align: inherit;\"><span style=\"vertical-align: inherit;\">\u0420\u0435\u0433\u0443\u043b\u0438\u0440\u0443\u0435\u043c\u0430\u044f \u0440\u0443\u0447\u043a\u0430: \u0434\u0430<\/span><\/span><\/span><\/span><\/li>\n<li><span style=\"vertical-align: inherit;\"><span style=\"vertical-align: inherit;\"><span style=\"vertical-align: inherit;\"><span style=\"vertical-align: inherit;\">\u0420\u0443\u0447\u043a\u0430 \u0440\u0435\u0433\u0443\u043b\u0438\u0440\u0443\u0435\u0442\u0441\u044f \u0432 9 \u043f\u043e\u043b\u043e\u0436\u0435\u043d\u0438\u044f\u0445.<\/span><\/span><\/span><\/span><\/li>\n<li><span style=\"vertical-align: inherit;\"><span style=\"vertical-align: inherit;\"><span style=\"vertical-align: inherit;\"><span style=\"vertical-align: inherit;\">\u0420\u0430\u0437\u043c\u0435\u0440\u044b \u043a\u043e\u0440\u0437\u0438\u043d\u044b \u0434\u043b\u044f \u043f\u043e\u043a\u0443\u043f\u043e\u043a \u0432 \u0441\u043c (\u0414x\u0428x\u0412): 36x40x20<\/span><\/span><\/span><\/span><\/li>\n<li><span style=\"vertical-align: inherit;\"><span style=\"vertical-align: inherit;\"><span style=\"vertical-align: inherit;\"><span style=\"vertical-align: inherit;\">\u041c\u0435\u0445\u0430\u043d\u0438\u0437\u043c \u0441\u043a\u043b\u0430\u0434\u044b\u0432\u0430\u043d\u0438\u044f: \u043a\u043d\u0438\u0436\u043a\u0430<\/span><\/span><\/span><\/span><\/li>\n<li><span style=\"vertical-align: inherit;\"><span style=\"vertical-align: inherit;\"><span style=\"vertical-align: inherit;\"><span style=\"vertical-align: inherit;\">\u0422\u0438\u043f \u0442\u043e\u0440\u043c\u043e\u0437\u0430: \u043d\u043e\u0436\u043d\u043e\u0439 \u0441 1 \u043f\u0435\u0434\u0430\u043b\u044c\u044e<\/span><\/span><\/span><\/span><\/li>\n<li><span style=\"vertical-align: inherit;\"><span style=\"vertical-align: inherit;\"><span style=\"vertical-align: inherit;\"><span style=\"vertical-align: inherit;\">\u041f\u043e\u0434\u0432\u0435\u0441\u043a\u0430 \u043a\u043e\u043b\u0435\u0441: \u0434\u0430<\/span><\/span><\/span><\/span><\/li>\n<li><span style=\"vertical-align: inherit;\"><span style=\"vertical-align: inherit;\"><span style=\"vertical-align: inherit;\"><span style=\"vertical-align: inherit;\">\u041c\u0430\u0442\u0435\u0440\u0438\u0430\u043b \u043a\u043e\u043b\u0435\u0441\u0430: \u0440\u0435\u0437\u0438\u043d\u0430 \u0441 \u043d\u0430\u043f\u043e\u043b\u043d\u0438\u0442\u0435\u043b\u0435\u043c<\/span><\/span><\/span><\/span><\/li>\n<li><span style=\"vertical-align: inherit;\"><span style=\"vertical-align: inherit;\"><span style=\"vertical-align: inherit;\"><span style=\"vertical-align: inherit;\">\u0422\u0438\u043f \u0434\u0438\u0441\u043a\u0430: \u043b\u0438\u0442\u043e\u0439<\/span><\/span><\/span><\/span><\/li>\n<li><span style=\"vertical-align: inherit;\"><span style=\"vertical-align: inherit;\"><span style=\"vertical-align: inherit;\"><span style=\"vertical-align: inherit;\">\u041a\u043e\u043b\u0438\u0447\u0435\u0441\u0442\u0432\u043e \u043a\u043e\u043b\u0435\u0441: 4<\/span><\/span><\/span><\/span><\/li>\n<li><span style=\"vertical-align: inherit;\"><span style=\"vertical-align: inherit;\"><span style=\"vertical-align: inherit;\"><span style=\"vertical-align: inherit;\">\u041f\u0435\u0440\u0435\u0434\u043d\u0438\u0435 \u043f\u043e\u0432\u043e\u0440\u043e\u0442\u043d\u044b\u0435 \u043a\u043e\u043b\u0435\u0441\u0430: \u0434\u0430<\/span><\/span><\/span><\/span><\/li>\n<li><span style=\"vertical-align: inherit;\"><span style=\"vertical-align: inherit;\"><span style=\"vertical-align: inherit;\"><span style=\"vertical-align: inherit;\">\u0411\u043b\u043e\u043a\u0438\u0440\u043e\u0432\u043a\u0430 \u043f\u0435\u0440\u0435\u0434\u043d\u0438\u0445 \u043a\u043e\u043b\u0435\u0441: \u0434\u0430<\/span><\/span><\/span><\/span><\/li>\n<li><span style=\"vertical-align: inherit;\"><span style=\"vertical-align: inherit;\"><span style=\"vertical-align: inherit;\"><span style=\"vertical-align: inherit;\">\u0428\u0438\u0440\u0438\u043d\u0430 \u043a\u043e\u043b\u0435\u0441\u043d\u043e\u0439 \u0431\u0430\u0437\u044b \u0432 \u0441\u043c: 58<\/span><\/span><\/span><\/span><\/li>\n<li><span style=\"vertical-align: inherit;\"><span style=\"vertical-align: inherit;\"><span style=\"vertical-align: inherit;\"><span style=\"vertical-align: inherit;\">\u0414\u0438\u0430\u043c\u0435\u0442\u0440 \u043f\u0435\u0440\u0435\u0434\u043d\u0435\u0433\u043e \u043a\u043e\u043b\u0435\u0441\u0430 \u0432 \u0441\u043c: 23<\/span><\/span><\/span><\/span><\/li>\n<li><span style=\"vertical-align: inherit;\"><span style=\"vertical-align: inherit;\"><span style=\"vertical-align: inherit;\"><span style=\"vertical-align: inherit;\">\u0414\u0438\u0430\u043c\u0435\u0442\u0440 \u0437\u0430\u0434\u043d\u0435\u0433\u043e \u043a\u043e\u043b\u0435\u0441\u0430 \u0432 \u0441\u043c: 28<\/span><\/span><\/span><\/span><\/li>\n<li><span style=\"vertical-align: inherit;\"><span style=\"vertical-align: inherit;\"><span style=\"vertical-align: inherit;\"><span style=\"vertical-align: inherit;\">\u041c\u0430\u0441\u0441\u0430 \u0448\u0430\u0441\u0441\u0438 \u0432 \u043a\u0433: 8,9<\/span><\/span><\/span><\/span><\/li>\n<\/ul>\n<p><strong><span style=\"vertical-align: inherit;\"><span style=\"vertical-align: inherit;\"><span style=\"vertical-align: inherit;\"><span style=\"vertical-align: inherit;\">\u041f\u0430\u043a\u0435\u0442 2&#215;1:<\/span><\/span><\/span><\/span><\/strong><\/p>\n<p><span style=\"vertical-align: inherit;\"><span style=\"vertical-align: inherit;\"><span style=\"vertical-align: inherit;\"><span style=\"vertical-align: inherit;\">\u0420\u0430\u043c\u0430 \u0441 \u043a\u043e\u043b\u0435\u0441\u0430\u043c\u0438<\/span><\/span><\/span><\/span><\/p>\n<p><span style=\"vertical-align: inherit;\"><span style=\"vertical-align: inherit;\"><span style=\"vertical-align: inherit;\"><span style=\"vertical-align: inherit;\">\u041b\u044e\u043b\u044c\u043a\u0430<\/span><\/span><\/span><\/span><\/p>\n<p><span style=\"vertical-align: inherit;\"><span style=\"vertical-align: inherit;\"><span style=\"vertical-align: inherit;\"><span style=\"vertical-align: inherit;\">\u041f\u0440\u043e\u0433\u0443\u043b\u043e\u0447\u043d\u044b\u0439 \u0431\u043b\u043e\u043a \u0441 \u043d\u0430\u043a\u0438\u0434\u043a\u043e\u0439 \u043d\u0430 \u043d\u043e\u0433\u0438<\/span><\/span><\/span><\/span><\/p>\n<p><span style=\"vertical-align: inherit;\"><span style=\"vertical-align: inherit;\"><span style=\"vertical-align: inherit;\"><span style=\"vertical-align: inherit;\">\u0421\u0442\u0438\u043b\u044c\u043d\u0430\u044f \u0441\u0443\u043c\u043a\u0430 \u0434\u043b\u044f \u043c\u0430\u043c\u044b<\/span><\/span><\/span><\/span><\/p>\n<p><span style=\"vertical-align: inherit;\"><span style=\"vertical-align: inherit;\"><span style=\"vertical-align: inherit;\"><span style=\"vertical-align: inherit;\">\u0412\u043c\u0435\u0441\u0442\u0438\u0442\u0435\u043b\u044c\u043d\u0430\u044f \u043a\u043e\u0440\u0437\u0438\u043d\u0430 \u0434\u043b\u044f \u043f\u043e\u043a\u0443\u043f\u043e\u043a<\/span><\/span><\/span><\/span><\/p>\n<p><span style=\"vertical-align: inherit;\"><span style=\"vertical-align: inherit;\"><span style=\"vertical-align: inherit;\"><span style=\"vertical-align: inherit;\">\u041f\u043b\u0430\u0449-\u0434\u043e\u0436\u0434\u0435\u0432\u0438\u043a<\/span><\/span><\/span><\/span><\/p>\n<p><span style=\"vertical-align: inherit;\"><span style=\"vertical-align: inherit;\"><span style=\"vertical-align: inherit;\"><span style=\"vertical-align: inherit;\">\u0421\u0435\u0442\u043a\u0430 \u043e\u0442 \u043a\u043e\u043c\u0430\u0440\u043e\u0432<\/span><\/span><\/span><\/span><\/p>\n<p>&nbsp;<\/p>\n<p><strong><span style=\"vertical-align: inherit;\"><span style=\"vertical-align: inherit;\"><span style=\"vertical-align: inherit;\"><span style=\"vertical-align: inherit;\">\u041f\u0430\u043a\u0435\u0442 3&#215;1:<\/span><\/span><\/span><\/span><\/strong><\/p>\n<p><span style=\"vertical-align: inherit;\"><span style=\"vertical-align: inherit;\"><span style=\"vertical-align: inherit;\"><span style=\"vertical-align: inherit;\">\u0420\u0430\u043c\u0430 \u0441 \u043a\u043e\u043b\u0435\u0441\u0430\u043c\u0438<\/span><\/span><\/span><\/span><\/p>\n<p><span style=\"vertical-align: inherit;\"><span style=\"vertical-align: inherit;\"><span style=\"vertical-align: inherit;\"><span style=\"vertical-align: inherit;\">\u041b\u044e\u043b\u044c\u043a\u0430<\/span><\/span><\/span><\/span><\/p>\n<p><span style=\"vertical-align: inherit;\"><span style=\"vertical-align: inherit;\"><span style=\"vertical-align: inherit;\"><span style=\"vertical-align: inherit;\">\u041f\u0440\u043e\u0433\u0443\u043b\u043e\u0447\u043d\u044b\u0439 \u0431\u043b\u043e\u043a \u0441 \u043d\u0430\u043a\u0438\u0434\u043a\u043e\u0439 \u043d\u0430 \u043d\u043e\u0433\u0438<\/span><\/span><\/span><\/span><\/p>\n<p><span style=\"vertical-align: inherit;\"><span style=\"vertical-align: inherit;\"><span style=\"vertical-align: inherit;\"><span style=\"vertical-align: inherit;\">\u0421\u0442\u0438\u043b\u044c\u043d\u0430\u044f \u0441\u0443\u043c\u043a\u0430 \u0434\u043b\u044f \u043c\u0430\u043c\u044b<\/span><\/span><\/span><\/span><\/p>\n<p><span style=\"vertical-align: inherit;\"><span style=\"vertical-align: inherit;\"><span style=\"vertical-align: inherit;\"><span style=\"vertical-align: inherit;\">\u0412\u043c\u0435\u0441\u0442\u0438\u0442\u0435\u043b\u044c\u043d\u0430\u044f \u043a\u043e\u0440\u0437\u0438\u043d\u0430 \u0434\u043b\u044f \u043f\u043e\u043a\u0443\u043f\u043e\u043a<\/span><\/span><\/span><\/span><\/p>\n<p><span style=\"vertical-align: inherit;\"><span style=\"vertical-align: inherit;\"><span style=\"vertical-align: inherit;\"><span style=\"vertical-align: inherit;\">\u041f\u043b\u0430\u0449-\u0434\u043e\u0436\u0434\u0435\u0432\u0438\u043a<\/span><\/span><\/span><\/span><\/p>\n<p><span style=\"vertical-align: inherit;\"><span style=\"vertical-align: inherit;\"><span style=\"vertical-align: inherit;\"><span style=\"vertical-align: inherit;\">\u0421\u0435\u0442\u043a\u0430 \u043e\u0442 \u043a\u043e\u043c\u0430\u0440\u043e\u0432<\/span><\/span><\/span><\/span><\/p>\n<p><span style=\"vertical-align: inherit;\"><span style=\"vertical-align: inherit;\"><span style=\"vertical-align: inherit;\"><span style=\"vertical-align: inherit;\">\u0410\u0432\u0442\u043e\u043a\u0440\u0435\u0441\u043b\u043e 0-13 \u043a\u0433 \u0441 \u0430\u0434\u0430\u043f\u0442\u0435\u0440\u043e\u043c<\/span><\/span><\/span><\/span><\/p>\n<p>&nbsp;<\/p>\n<p><span style=\"color: #ff0000; font-size: 14pt;\"><strong><span style=\"vertical-align: inherit;\"><span style=\"vertical-align: inherit;\"><span style=\"vertical-align: inherit;\"><span style=\"vertical-align: inherit;\">\u0421\u0440\u043e\u043a \u0434\u043e\u0441\u0442\u0430\u0432\u043a\u0438 1-3 \u043d\u0435\u0434\u0435\u043b\u0438<\/span><\/span><\/span><\/span><\/strong><\/span><\/p>\n","protected":false},"excerpt":{"rendered":"<p>\u041c\u043e\u0434\u0443\u043b\u044c\u043d\u0430\u044f \u043a\u043e\u043b\u044f\u0441\u043a\u0430 RIKO NANO PRO 2 \u0432 1 \u2014 \u044d\u0442\u043e \u043c\u043e\u0434\u043d\u044b\u0435 \u0446\u0432\u0435\u0442\u0430, \u043a\u0430\u0447\u0435\u0441\u0442\u0432\u0435\u043d\u043d\u044b\u0435 \u043c\u0430\u0442\u0435\u0440\u0438\u0430\u043b\u044b \u0438 \u0441\u0442\u0438\u043b\u044c\u043d\u044b\u0439 \u0434\u0438\u0437\u0430\u0439\u043d. RIKO NANO PRO \u0434\u043e\u0441\u0442\u0443\u043f\u0435\u043d \u0432 6 \u0446\u0432\u0435\u0442\u0430\u0445. \u041b\u044e\u043b\u044c\u043a\u0430 \u0420\u0430\u0437\u043c\u0435\u0440\u044b \u043a\u0440\u043e\u0432\u0430\u0442\u0438 \u0432 \u0441\u043c (\u0414x\u0428x\u0412): 80x38x25 \u0412\u043d\u0435\u0448\u043d\u0438\u0435 \u0440\u0430\u0437\u043c\u0435\u0440\u044b \u043b\u044e\u043b\u044c\u043a\u0438 \u0432 \u0441\u043c (\u0414x\u0428x\u0412): 85x43x27 \u0412\u0435\u0441 \u043b\u044e\u043b\u044c\u043a\u0438 \u0432 \u043a\u0433 (\u0431\u0435\u0437 \u0447\u0435\u0445\u043b\u0430): 4,6 \u0412\u0435\u0441 \u043b\u044e\u043b\u044c\u043a\u0438 \u0441 \u0448\u0430\u0441\u0441\u0438 \u0432 \u043a\u0433: 13,5 \u0420\u0430\u0437\u043c\u0435\u0440\u044b \u043b\u044e\u043b\u044c\u043a\u0438 + &#8230;<a class=\"r_more_blog\" href=\"https:\/\/babykids.ee\/ru\/Toode\/riko-nano-pro-03-pearl-pink\/#more-31360\"> continue reading<\/a><\/p>\n","protected":false},"featured_media":31369,"template":"","meta":[],"product_cat":[15,610],"product_tag":[],"_links":{"self":[{"href":"https:\/\/babykids.ee\/ru\/wp-json\/wp\/v2\/product\/31360"}],"collection":[{"href":"https:\/\/babykids.ee\/ru\/wp-json\/wp\/v2\/product"}],"about":[{"href":"https:\/\/babykids.ee\/ru\/wp-json\/wp\/v2\/types\/product"}],"wp:featuredmedia":[{"embeddable":true,"href":"https:\/\/babykids.ee\/ru\/wp-json\/wp\/v2\/media\/31369"}],"wp:attachment":[{"href":"https:\/\/babykids.ee\/ru\/wp-json\/wp\/v2\/media?parent=31360"}],"wp:term":[{"taxonomy":"product_cat","embeddable":true,"href":"https:\/\/babykids.ee\/ru\/wp-json\/wp\/v2\/product_cat?post=31360"},{"taxonomy":"product_tag","embeddable":true,"href":"https:\/\/babykids.ee\/ru\/wp-json\/wp\/v2\/product_tag?post=31360"}],"curies":[{"name":"wp","href":"https:\/\/api.w.org\/{rel}","templated":true}]}}