{"id":31418,"date":"2020-05-30T01:07:28","date_gmt":"2020-05-29T21:07:28","guid":{"rendered":"https:\/\/babykids.ee\/?post_type=product&#038;p=31418"},"modified":"2025-03-14T01:34:14","modified_gmt":"2025-03-13T21:34:14","slug":"riko-nano-pro-06-carbon","status":"publish","type":"product","link":"https:\/\/babykids.ee\/ru\/Toode\/riko-nano-pro-06-carbon\/","title":{"rendered":"Riko NANO pro  06 Carbon"},"content":{"rendered":"<p><iframe loading=\"lazy\" title=\"Riko Nano PRO - w\u00f3zek dzieci\u0119cy 2w1 lub 3w1 z doskona\u0142\u0105 amortyzacj\u0105\" width=\"500\" height=\"281\" src=\"https:\/\/www.youtube.com\/embed\/K3nGff9LpDM?feature=oembed\" frameborder=\"0\" allow=\"accelerometer; autoplay; clipboard-write; encrypted-media; gyroscope; picture-in-picture; web-share\" referrerpolicy=\"strict-origin-when-cross-origin\" allowfullscreen><\/iframe><\/p>\n<p><span style=\"vertical-align: inherit;\"><span style=\"vertical-align: inherit;\">\u041d\u041e\u0412\u0418\u041d\u041a\u0410 2020 \u041c\u043e\u0434\u0435\u043b\u044c Riko Nano pro \u0438\u043c\u0435\u0435\u0442 \u043c\u044f\u0433\u043a\u0443\u044e \u043f\u043e\u0434\u0432\u0435\u0441\u043a\u0443 \u0438 \u044d\u043a\u043e\u043a\u043e\u0436\u0443 \u0432 \u0441\u043e\u0447\u0435\u0442\u0430\u043d\u0438\u0438 \u0441 \u0442\u0435\u043a\u0441\u0442\u0438\u043b\u0435\u043c!<\/span><\/span><\/p>\n<p><span style=\"vertical-align: inherit;\"><span style=\"vertical-align: inherit;\">\u041a\u043e\u043b\u044f\u0441\u043a\u0430 \u043f\u0440\u0435\u0434\u043d\u0430\u0437\u043d\u0430\u0447\u0435\u043d\u0430 \u0434\u043b\u044f \u0438\u0441\u043f\u043e\u043b\u044c\u0437\u043e\u0432\u0430\u043d\u0438\u044f \u0441 \u0440\u043e\u0436\u0434\u0435\u043d\u0438\u044f \u0434\u043e \u0442\u0440\u0435\u0445 \u043b\u0435\u0442.<\/span><\/span><\/p>\n<p><span style=\"vertical-align: inherit;\"><span style=\"vertical-align: inherit;\">\u041e\u043f\u0438\u0441\u0430\u043d\u0438\u0435 \u043f\u0440\u043e\u0434\u0443\u043a\u0442\u0430:<\/span><\/span><\/p>\n<ul>\n<li><span style=\"vertical-align: inherit;\"><span style=\"vertical-align: inherit;\">\u0430\u043b\u044e\u043c\u0438\u043d\u0438\u0435\u0432\u0430\u044f \u0440\u0430\u043c\u0430<\/span><\/span><\/li>\n<li><span style=\"vertical-align: inherit;\"><span style=\"vertical-align: inherit;\">\u0441\u0438\u0441\u0442\u0435\u043c\u0430 \u043a\u0440\u0435\u043f\u043b\u0435\u043d\u0438\u044f \u0434\u0435\u0442\u0441\u043a\u043e\u0439 \u043a\u043e\u043b\u044f\u0441\u043a\u0438, \u043f\u0440\u043e\u0433\u0443\u043b\u043e\u0447\u043d\u043e\u0439 \u0447\u0430\u0441\u0442\u0438 *Klick-Klic*<\/span><\/span><\/li>\n<li><span style=\"vertical-align: inherit;\"><span style=\"vertical-align: inherit;\">\u0421\u0438\u0441\u0442\u0435\u043c\u0430 \u043f\u043e\u0434\u0432\u0435\u0441\u043a\u0438 \u043a\u043e\u043b\u0435\u0441 *Anti-Shok*<\/span><\/span><\/li>\n<li><span style=\"vertical-align: inherit;\"><span style=\"vertical-align: inherit;\">\u0446\u0435\u043d\u0442\u0440\u0430\u043b\u044c\u043d\u044b\u0439 \u0442\u043e\u0440\u043c\u043e\u0437<\/span><\/span><\/li>\n<li><span style=\"vertical-align: inherit;\"><span style=\"vertical-align: inherit;\">\u043a\u043e\u043b\u0435\u0441\u0430 \u0438\u0437 \u0446\u0435\u043b\u044c\u043d\u043e\u0439 \u0440\u0435\u0437\u0438\u043d\u044b<\/span><\/span><\/li>\n<li><span style=\"vertical-align: inherit;\"><span style=\"vertical-align: inherit;\">\u041c\u044f\u0433\u043a\u0430\u044f \u043f\u043e\u0434\u0432\u0435\u0441\u043a\u0430<\/span><\/span><\/li>\n<li><span style=\"vertical-align: inherit;\"><span style=\"vertical-align: inherit;\">\u0420\u0435\u0433\u0443\u043b\u0438\u0440\u0443\u0435\u043c\u0430\u044f \u0440\u0443\u0447\u043a\u0430 \u0434\u043b\u044f \u0442\u043e\u043b\u043a\u0430\u043d\u0438\u044f, \u043f\u043e\u043a\u0440\u044b\u0442\u0430\u044f \u0438\u0441\u043a\u0443\u0441\u0441\u0442\u0432\u0435\u043d\u043d\u043e\u0439 \u043a\u043e\u0436\u0435\u0439<\/span><\/span><\/li>\n<li><span style=\"vertical-align: inherit;\"><span style=\"vertical-align: inherit;\">\u0412\u0435\u043d\u0442\u0438\u043b\u044f\u0446\u0438\u043e\u043d\u043d\u044b\u0435 \u043e\u0442\u0432\u0435\u0440\u0441\u0442\u0438\u044f, \u0437\u0430\u043a\u0440\u044b\u0442\u044b\u0435 \u0441\u0435\u0442\u043a\u043e\u0439, \u043d\u0430 \u043a\u0440\u044b\u0448\u0435 \u043a\u043e\u043b\u044f\u0441\u043a\u0438 \u0438 \u043a\u0440\u044b\u0448\u0435 \u043f\u0440\u043e\u0433\u0443\u043b\u043e\u0447\u043d\u043e\u0439 \u0447\u0430\u0441\u0442\u0438<\/span><\/span><\/li>\n<li><span style=\"vertical-align: inherit;\"><span style=\"vertical-align: inherit;\">\u0414\u043b\u0438\u043d\u043d\u0430\u044f \u043a\u0440\u044b\u0448\u0430, \u0437\u0430\u0449\u0438\u0449\u0430\u044e\u0449\u0430\u044f \u043e\u0442 \u0445\u043e\u043b\u043e\u0434\u0430, \u0432\u0435\u0442\u0440\u0430 \u0438 \u0441\u043e\u043b\u043d\u0446\u0430<\/span><\/span><\/li>\n<li><span style=\"vertical-align: inherit;\"><span style=\"vertical-align: inherit;\">\u0418\u0437\u0433\u043e\u043b\u043e\u0432\u044c\u0435 \u043a\u043e\u0440\u0437\u0438\u043d\u044b \u043a\u043e\u043b\u044f\u0441\u043a\u0438 \u043f\u043e\u0434\u043d\u0438\u043c\u0430\u0435\u0442\u0441\u044f.<\/span><\/span><\/li>\n<li><span style=\"vertical-align: inherit;\"><span style=\"vertical-align: inherit;\">\u041e\u0447\u0435\u043d\u044c \u043a\u0430\u0447\u0435\u0441\u0442\u0432\u0435\u043d\u043d\u044b\u0435 \u043c\u0430\u0442\u0435\u0440\u0438\u0430\u043b\u044b: \u044d\u043a\u043e\u043a\u043e\u0436\u0430, \u0442\u0435\u043a\u0441\u0442\u0438\u043b\u044c.<\/span><\/span><\/li>\n<li><span style=\"vertical-align: inherit;\"><span style=\"vertical-align: inherit;\">\u041f\u0435\u0440\u0435\u0434\u043d\u0438\u0435 \u043a\u043e\u043b\u0435\u0441\u0430 \u043f\u043e\u0432\u043e\u0440\u043e\u0442\u043d\u044b\u0435, \u0438\u0445 \u043c\u043e\u0436\u043d\u043e \u0437\u0430\u0444\u0438\u043a\u0441\u0438\u0440\u043e\u0432\u0430\u0442\u044c.<\/span><\/span><\/li>\n<li><span style=\"vertical-align: inherit;\"><span style=\"vertical-align: inherit;\">\u0420\u0430\u043c\u0430 \u043a\u043e\u043b\u044f\u0441\u043a\u0438 \u043c\u043e\u0436\u0435\u0442 \u0431\u044b\u0442\u044c \u0443\u043a\u043e\u043c\u043f\u043b\u0435\u043a\u0442\u043e\u0432\u0430\u043d\u0430 \u0430\u0432\u0442\u043e\u043a\u0440\u0435\u0441\u043b\u043e\u043c Riko (\u0430\u0434\u0430\u043f\u0442\u0435\u0440 \u0432\u0445\u043e\u0434\u0438\u0442 \u0432 \u043a\u043e\u043c\u043f\u043b\u0435\u043a\u0442), \u0430\u0432\u0442\u043e\u043a\u0440\u0435\u0441\u043b\u0430\u043c\u0438 Maxi-Cosi \u0438\u043b\u0438 Cybex (\u0441\u0442\u043e\u0438\u043c\u043e\u0441\u0442\u044c \u0430\u0434\u0430\u043f\u0442\u0435\u0440\u0430 25 \u0435\u0432\u0440\u043e).<\/span><\/span><\/li>\n<\/ul>\n<p><strong><span style=\"vertical-align: inherit;\"><span style=\"vertical-align: inherit;\">\u0412 \u043a\u043e\u043c\u043f\u043b\u0435\u043a\u0442 2&#215;1 \u0432\u0445\u043e\u0434\u0438\u0442<\/span><\/span><\/strong><span style=\"vertical-align: inherit;\"><span style=\"vertical-align: inherit;\"> :<\/span><\/span><\/p>\n<ul>\n<li><span style=\"vertical-align: inherit;\"><span style=\"vertical-align: inherit;\">\u041a\u043e\u0440\u0437\u0438\u043d\u0430 \u0434\u043b\u044f \u043f\u043e\u043a\u0443\u043f\u043e\u043a<\/span><\/span><\/li>\n<li><span style=\"vertical-align: inherit;\"><span style=\"vertical-align: inherit;\">\u0414\u0435\u0442\u0430\u043b\u044c \u043a\u043e\u043b\u044f\u0441\u043a\u0438 \u0441 \u043d\u043e\u0436\u043a\u0430\u043c\u0438<\/span><\/span><\/li>\n<li><span style=\"vertical-align: inherit;\"><span style=\"vertical-align: inherit;\">\u0421\u0443\u043c\u043a\u0430 \u0434\u043b\u044f \u0434\u0435\u0442\u0441\u043a\u0438\u0445 \u043f\u0440\u0438\u043d\u0430\u0434\u043b\u0435\u0436\u043d\u043e\u0441\u0442\u0435\u0439<\/span><\/span><\/li>\n<li><span style=\"vertical-align: inherit;\"><span style=\"vertical-align: inherit;\">\u0427\u0435\u0445\u043e\u043b \u043e\u0442 \u0434\u043e\u0436\u0434\u044f<\/span><\/span><\/li>\n<li><span style=\"vertical-align: inherit;\"><span style=\"vertical-align: inherit;\">\u0421\u0435\u0442\u043a\u0430 \u043e\u0442 \u043d\u0430\u0441\u0435\u043a\u043e\u043c\u044b\u0445<\/span><\/span><\/li>\n<li><span style=\"vertical-align: inherit;\"><span style=\"vertical-align: inherit;\">\u0430\u043b\u044e\u043c\u0438\u043d\u0438\u0435\u0432\u0430\u044f \u0440\u0430\u043c\u0430 + \u043a\u043e\u043b\u0435\u0441\u0430<\/span><\/span><\/li>\n<\/ul>\n<p><strong><span style=\"vertical-align: inherit;\"><span style=\"vertical-align: inherit;\">\u0412 \u043a\u043e\u043c\u043f\u043b\u0435\u043a\u0442 3&#215;1 \u0432\u0445\u043e\u0434\u0438\u0442<\/span><\/span><\/strong><span style=\"vertical-align: inherit;\"><span style=\"vertical-align: inherit;\"> :<\/span><\/span><\/p>\n<ul>\n<li><span style=\"vertical-align: inherit;\"><span style=\"vertical-align: inherit;\">\u041a\u043e\u0440\u0437\u0438\u043d\u0430 \u0434\u043b\u044f \u043f\u043e\u043a\u0443\u043f\u043e\u043a<\/span><\/span><\/li>\n<li><span style=\"vertical-align: inherit;\"><span style=\"vertical-align: inherit;\">\u0414\u0435\u0442\u0430\u043b\u044c \u043a\u043e\u043b\u044f\u0441\u043a\u0438 \u0441 \u043d\u043e\u0436\u043a\u0430\u043c\u0438<\/span><\/span><\/li>\n<li><span style=\"vertical-align: inherit;\"><span style=\"vertical-align: inherit;\">\u0421\u0443\u043c\u043a\u0430 \u0434\u043b\u044f \u0434\u0435\u0442\u0441\u043a\u0438\u0445 \u043f\u0440\u0438\u043d\u0430\u0434\u043b\u0435\u0436\u043d\u043e\u0441\u0442\u0435\u0439<\/span><\/span><\/li>\n<li><span style=\"vertical-align: inherit;\"><span style=\"vertical-align: inherit;\">\u0427\u0435\u0445\u043e\u043b \u043e\u0442 \u0434\u043e\u0436\u0434\u044f<\/span><\/span><\/li>\n<li><span style=\"vertical-align: inherit;\"><span style=\"vertical-align: inherit;\">\u0421\u0435\u0442\u043a\u0430 \u043e\u0442 \u043d\u0430\u0441\u0435\u043a\u043e\u043c\u044b\u0445<\/span><\/span><\/li>\n<li><span style=\"vertical-align: inherit;\"><span style=\"vertical-align: inherit;\">\u0430\u043b\u044e\u043c\u0438\u043d\u0438\u0435\u0432\u0430\u044f \u0440\u0430\u043c\u0430 + \u043a\u043e\u043b\u0435\u0441\u0430<\/span><\/span><\/li>\n<li><span style=\"vertical-align: inherit;\"><span style=\"vertical-align: inherit;\">\u0410\u0432\u0442\u043e\u043a\u0440\u0435\u0441\u043b\u043e 0-10 \u043a\u0433 \u0441 \u043d\u0430\u043a\u0438\u0434\u043a\u0430\u043c\u0438 \u043d\u0430 \u043d\u043e\u0433\u0438 + \u043c\u043e\u0441\u043a\u0438\u0442\u043d\u0430\u044f \u0441\u0435\u0442\u043a\u0430 + \u0430\u0434\u0430\u043f\u0442\u0435\u0440<\/span><\/span><\/li>\n<\/ul>\n<p>&nbsp;<\/p>\n<p><strong><span style=\"vertical-align: inherit;\"><span style=\"vertical-align: inherit;\">\u041a\u043e\u043b\u0435\u0441\u0430:<\/span><\/span><\/strong><\/p>\n<p><span style=\"vertical-align: inherit;\"><span style=\"vertical-align: inherit;\">\u043f\u0435\u0440\u0432\u044b\u0435 <\/span><\/span><strong>\u00a0<\/strong><span style=\"vertical-align: inherit;\"><span style=\"vertical-align: inherit;\">:\u00a0 <\/span><\/span><strong><span style=\"vertical-align: inherit;\"><span style=\"vertical-align: inherit;\">24 \u0441\u043c<\/span><\/span><\/strong><\/p>\n<p><span style=\"vertical-align: inherit;\"><span style=\"vertical-align: inherit;\">\u0441\u0437\u0430\u0434\u0438: <\/span><\/span><strong><span style=\"vertical-align: inherit;\"><span style=\"vertical-align: inherit;\">29 \u0441\u043c<\/span><\/span><\/strong><\/p>\n<p>&nbsp;<\/p>\n<p><em><strong><span style=\"vertical-align: inherit;\"><span style=\"vertical-align: inherit;\">\u0422\u0435\u0445\u043d\u0438\u0447\u0435\u0441\u043a\u0438\u0435 \u0434\u0430\u043d\u043d\u044b\u0435:<\/span><\/span><\/strong><\/em><\/p>\n<div class=\"col-md-4\">\n<ul class=\"riko-list\">\n<li><span style=\"vertical-align: inherit;\"><span style=\"vertical-align: inherit;\">\u0420\u0430\u043c\u0430 \u0441 \u043a\u043e\u043b\u0435\u0441\u0430\u043c\u0438 (\u0432 \u043e\u0442\u043a\u0440\u044b\u0442\u043e\u043c \u0432\u0438\u0434\u0435): <\/span><\/span><strong><span style=\"vertical-align: inherit;\"><span style=\"vertical-align: inherit;\">57 x 103 x 93 \u0441\u043c<\/span><\/span><\/strong><\/li>\n<li><span style=\"vertical-align: inherit;\"><span style=\"vertical-align: inherit;\">\u0420\u0430\u043c\u0430 \u0441 \u043a\u043e\u043b\u0435\u0441\u0430\u043c\u0438 (\u0432 \u0441\u043b\u043e\u0436\u0435\u043d\u043d\u043e\u043c \u0432\u0438\u0434\u0435): <\/span><\/span><strong><span style=\"vertical-align: inherit;\"><span style=\"vertical-align: inherit;\">57 x 73 x 37 \u0441\u043c<\/span><\/span><\/strong><\/li>\n<li><span style=\"vertical-align: inherit;\"><span style=\"vertical-align: inherit;\">\u0420\u0435\u0433\u0443\u043b\u0438\u0440\u043e\u0432\u043a\u0430 \u0432\u044b\u0441\u043e\u0442\u044b \u0440\u0443\u0447\u043a\u0438-\u0442\u043e\u043b\u043a\u0430\u0442\u0435\u043b\u044f: <\/span><\/span><strong><span style=\"vertical-align: inherit;\"><span style=\"vertical-align: inherit;\">65-110 \u0441\u043c<\/span><\/span><\/strong><\/li>\n<li><span style=\"vertical-align: inherit;\"><span style=\"vertical-align: inherit;\">\u0420\u0430\u0437\u043c\u0435\u0440\u044b \u043a\u043e\u0440\u0437\u0438\u043d\u044b \u0434\u043b\u044f \u043a\u043e\u043b\u044f\u0441\u043a\u0438 (\u0432\u043d\u0443\u0442\u0440\u0438): <\/span><\/span><strong><span style=\"vertical-align: inherit;\"><span style=\"vertical-align: inherit;\">20 x 78 x 36 \u0441\u043c<\/span><\/span><\/strong><\/li>\n<li><span style=\"vertical-align: inherit;\"><span style=\"vertical-align: inherit;\">\u0428\u0438\u0440\u0438\u043d\u0430 \u043f\u0440\u043e\u0433\u0443\u043b\u043e\u0447\u043d\u043e\u0439 \u0447\u0430\u0441\u0442\u0438: <\/span><\/span><strong><span style=\"vertical-align: inherit;\"><span style=\"vertical-align: inherit;\">31 \u0441\u043c<\/span><\/span><\/strong><\/li>\n<li><span style=\"vertical-align: inherit;\"><span style=\"vertical-align: inherit;\">\u0412\u044b\u0441\u043e\u0442\u0430 \u0441\u043f\u0438\u043d\u043a\u0438: <\/span><\/span><strong><span style=\"vertical-align: inherit;\"><span style=\"vertical-align: inherit;\">49 \u0441\u043c.<\/span><\/span><\/strong><\/li>\n<li><span style=\"vertical-align: inherit;\"><span style=\"vertical-align: inherit;\">\u0413\u043b\u0443\u0431\u0438\u043d\u0430 \u043a\u043e\u043b\u044f\u0441\u043a\u0438: <\/span><\/span><strong><span style=\"vertical-align: inherit;\"><span style=\"vertical-align: inherit;\">25 \u0441\u043c.<\/span><\/span><\/strong><\/li>\n<li><span style=\"vertical-align: inherit;\"><span style=\"vertical-align: inherit;\">\u0414\u043b\u0438\u043d\u0430 \u043d\u043e\u0433\u0438: <\/span><\/span><strong><span style=\"vertical-align: inherit;\"><span style=\"vertical-align: inherit;\">22 \u0441\u043c.<\/span><\/span><\/strong><\/li>\n<\/ul>\n<\/div>\n<div class=\"col-md-4\">\n<ul class=\"riko-list\">\n<li><span style=\"vertical-align: inherit;\"><span style=\"vertical-align: inherit;\">\u0420\u0430\u043c\u0430 \u0441 \u043a\u043e\u043b\u0435\u0441\u0430\u043c\u0438: <\/span><\/span><strong><span style=\"vertical-align: inherit;\"><span style=\"vertical-align: inherit;\">9,00 \u043a\u0433<\/span><\/span><\/strong><\/li>\n<li><span style=\"vertical-align: inherit;\"><span style=\"vertical-align: inherit;\">\u041a\u043e\u0440\u0437\u0438\u043d\u0430 \u0434\u043b\u044f \u043a\u043e\u043b\u044f\u0441\u043a\u0438: <\/span><\/span><strong><span style=\"vertical-align: inherit;\"><span style=\"vertical-align: inherit;\">4,80 \u043a\u0433<\/span><\/span><\/strong><\/li>\n<li><span style=\"vertical-align: inherit;\"><span style=\"vertical-align: inherit;\">\u0414\u0435\u0442\u0430\u043b\u044c \u043a\u043e\u043b\u044f\u0441\u043a\u0438: <\/span><\/span><strong><span style=\"vertical-align: inherit;\"><span style=\"vertical-align: inherit;\">5,80 \u043a\u0433<\/span><\/span><\/strong><\/li>\n<\/ul>\n<p><span style=\"color: #ff0000;\"><strong><span style=\"font-size: 18pt;\"><span style=\"vertical-align: inherit;\"><span style=\"vertical-align: inherit;\">\u0421\u0440\u043e\u043a \u0434\u043e\u0441\u0442\u0430\u0432\u043a\u0438 1-3 \u043d\u0435\u0434\u0435\u043b\u0438.<\/span><\/span><\/span><\/strong><\/span><\/p>\n<\/div>\n","protected":false},"excerpt":{"rendered":"<p>\u041d\u041e\u0412\u0418\u041d\u041a\u0410 2020 \u041c\u043e\u0434\u0435\u043b\u044c Riko Nano pro \u0438\u043c\u0435\u0435\u0442 \u043c\u044f\u0433\u043a\u0443\u044e \u043f\u043e\u0434\u0432\u0435\u0441\u043a\u0443 \u0438 \u044d\u043a\u043e\u043a\u043e\u0436\u0443 \u0432 \u0441\u043e\u0447\u0435\u0442\u0430\u043d\u0438\u0438 \u0441 \u0442\u0435\u043a\u0441\u0442\u0438\u043b\u0435\u043c! \u041a\u043e\u043b\u044f\u0441\u043a\u0430 \u043f\u0440\u0435\u0434\u043d\u0430\u0437\u043d\u0430\u0447\u0435\u043d\u0430 \u0434\u043b\u044f \u0438\u0441\u043f\u043e\u043b\u044c\u0437\u043e\u0432\u0430\u043d\u0438\u044f \u0441 \u0440\u043e\u0436\u0434\u0435\u043d\u0438\u044f \u0434\u043e \u0442\u0440\u0435\u0445 \u043b\u0435\u0442. \u041e\u043f\u0438\u0441\u0430\u043d\u0438\u0435 \u043f\u0440\u043e\u0434\u0443\u043a\u0442\u0430: \u0430\u043b\u044e\u043c\u0438\u043d\u0438\u0435\u0432\u0430\u044f \u0440\u0430\u043c\u0430 \u0441\u0438\u0441\u0442\u0435\u043c\u0430 \u043a\u0440\u0435\u043f\u043b\u0435\u043d\u0438\u044f \u0434\u0435\u0442\u0441\u043a\u043e\u0439 \u043a\u043e\u043b\u044f\u0441\u043a\u0438, \u043f\u0440\u043e\u0433\u0443\u043b\u043e\u0447\u043d\u043e\u0439 \u0447\u0430\u0441\u0442\u0438 *Klick-Klic* \u0421\u0438\u0441\u0442\u0435\u043c\u0430 \u043f\u043e\u0434\u0432\u0435\u0441\u043a\u0438 \u043a\u043e\u043b\u0435\u0441 *Anti-Shok* \u0446\u0435\u043d\u0442\u0440\u0430\u043b\u044c\u043d\u044b\u0439 \u0442\u043e\u0440\u043c\u043e\u0437 \u043a\u043e\u043b\u0435\u0441\u0430 \u0438\u0437 \u0446\u0435\u043b\u044c\u043d\u043e\u0439 \u0440\u0435\u0437\u0438\u043d\u044b \u041c\u044f\u0433\u043a\u0430\u044f \u043f\u043e\u0434\u0432\u0435\u0441\u043a\u0430 \u0420\u0435\u0433\u0443\u043b\u0438\u0440\u0443\u0435\u043c\u0430\u044f \u0440\u0443\u0447\u043a\u0430 \u0434\u043b\u044f \u0442\u043e\u043b\u043a\u0430\u043d\u0438\u044f, \u043f\u043e\u043a\u0440\u044b\u0442\u0430\u044f \u0438\u0441\u043a\u0443\u0441\u0441\u0442\u0432\u0435\u043d\u043d\u043e\u0439 \u043a\u043e\u0436\u0435\u0439 \u0412\u0435\u043d\u0442\u0438\u043b\u044f\u0446\u0438\u043e\u043d\u043d\u044b\u0435 &#8230;<a class=\"r_more_blog\" href=\"https:\/\/babykids.ee\/ru\/Toode\/riko-nano-pro-06-carbon\/#more-31418\"> continue reading<\/a><\/p>\n","protected":false},"featured_media":31409,"template":"","meta":[],"product_cat":[15,610],"product_tag":[],"_links":{"self":[{"href":"https:\/\/babykids.ee\/ru\/wp-json\/wp\/v2\/product\/31418"}],"collection":[{"href":"https:\/\/babykids.ee\/ru\/wp-json\/wp\/v2\/product"}],"about":[{"href":"https:\/\/babykids.ee\/ru\/wp-json\/wp\/v2\/types\/product"}],"wp:featuredmedia":[{"embeddable":true,"href":"https:\/\/babykids.ee\/ru\/wp-json\/wp\/v2\/media\/31409"}],"wp:attachment":[{"href":"https:\/\/babykids.ee\/ru\/wp-json\/wp\/v2\/media?parent=31418"}],"wp:term":[{"taxonomy":"product_cat","embeddable":true,"href":"https:\/\/babykids.ee\/ru\/wp-json\/wp\/v2\/product_cat?post=31418"},{"taxonomy":"product_tag","embeddable":true,"href":"https:\/\/babykids.ee\/ru\/wp-json\/wp\/v2\/product_tag?post=31418"}],"curies":[{"name":"wp","href":"https:\/\/api.w.org\/{rel}","templated":true}]}}