{"id":39612,"date":"2023-02-21T20:16:56","date_gmt":"2023-02-21T16:16:56","guid":{"rendered":"https:\/\/babykids.ee\/?post_type=product&#038;p=39612"},"modified":"2023-03-17T14:54:42","modified_gmt":"2023-03-17T10:54:42","slug":"euro-cart-corso","status":"publish","type":"product","link":"https:\/\/babykids.ee\/ru\/product\/euro-cart-corso\/","title":{"rendered":"Euro-Cart Corso"},"content":{"rendered":"<p><iframe title=\"W\u00f3zek spacerowy CORSO marki EURO CART z du\u017cymi gumowymi ko\u0142ami, du\u017ce siedzisko do 22 kg\" width=\"1170\" height=\"658\" src=\"https:\/\/www.youtube.com\/embed\/RCyQHBZDv7w?feature=oembed\" frameborder=\"0\" allow=\"accelerometer; autoplay; clipboard-write; encrypted-media; gyroscope; picture-in-picture; web-share\" referrerpolicy=\"strict-origin-when-cross-origin\" allowfullscreen><\/iframe><\/p>\n<p><span style=\"font-size: 14pt;\"><em><strong>Euro-Cart Corso<\/strong><\/em><\/span><\/p>\n<p><strong><span style=\"font-size: 10pt;\">\u0422\u0415\u0425\u041d\u0418\u0427\u0415\u0421\u041a\u0418\u0415 \u0425\u0410\u0420\u0410\u041a\u0422\u0415\u0420\u0418\u0421\u0422\u0418\u041a\u0418<\/span><\/strong><\/p>\n<p>\u2014 \u0441\u043e\u0432\u0440\u0435\u043c\u0435\u043d\u043d\u0430\u044f \u043a\u043e\u043b\u044f\u0441\u043a\u0430 \u0441 \u0432\u043e\u0437\u043c\u043e\u0436\u043d\u043e\u0441\u0442\u044c\u044e \u043f\u043e\u043a\u0443\u043f\u043a\u0438 \u0434\u0435\u0442\u0441\u043a\u043e\u0433\u043e \u0432\u043a\u043b\u0430\u0434\u044b\u0448\u0430 ( \u043c\u044f\u0433\u043a\u0430\u044f \u043b\u044e\u043b\u044c\u043a\u0430),<br \/>\n\u2013 \u0431\u043e\u043b\u044c\u0448\u043e\u0435 \u0441\u0438\u0434\u0435\u043d\u044c\u0435<br \/>\n\u2014 \u0441\u0438\u0434\u0435\u043d\u044c\u0435 \u0441\u0435\u0440\u0442\u0438\u0444\u0438\u0446\u0438\u0440\u043e\u0432\u0430\u043d\u043e \u0434\u043b\u044f \u0434\u0435\u0442\u0435\u0439 \u043e\u0442 \u0440\u043e\u0436\u0434\u0435\u043d\u0438\u044f \u0434\u043e 22 \u043a\u0433<br \/>\n\u2014 \u043f\u043b\u0430\u0432\u043d\u0430\u044f \u0440\u0435\u0433\u0443\u043b\u0438\u0440\u043e\u0432\u043a\u0430 \u0441\u043f\u0438\u043d\u043a\u0438 \u0438\u0437 \u043f\u043e\u043b\u043e\u0436\u0435\u043d\u0438\u044f \u043f\u043e\u043b\u043d\u043e\u0441\u0442\u044c\u044e \u043b\u0435\u0436\u0430 \u0432 \u043f\u043e\u043b\u043e\u0436\u0435\u043d\u0438\u0435 \u043f\u043e\u043b\u043d\u043e\u0441\u0442\u044c\u044e \u0441\u0438\u0434\u044f,<br \/>\n&#8212; \u0440\u0435\u0433\u0443\u043b\u0438\u0440\u043e\u0432\u043a\u0430 \u043f\u043e\u0434\u043d\u043e\u0436\u043a\u0438,<br \/>\n&#8212; \u0431\u043e\u043b\u044c\u0448\u0438\u0435 \u0440\u0435\u0437\u0438\u043d\u043e\u0432\u044b\u0435 \u043a\u043e\u043b\u0435\u0441\u0430<br \/>\n\u2014 \u0430\u043c\u043e\u0440\u0442\u0438\u0437\u0430\u0446\u0438\u044f \u0432\u0441\u0435\u0445 \u043a\u043e\u043b\u0435\u0441<br \/>\n&#8212; \u043b\u0435\u0433\u043a\u0430\u044f \u0430\u043b\u044e\u043c\u0438\u043d\u0438\u0435\u0432\u0430\u044f \u043a\u043e\u043d\u0441\u0442\u0440\u0443\u043a\u0446\u0438\u044f,<br \/>\n\u2014 \u0441\u0430\u043c\u043e\u0440\u0435\u0433\u0443\u043b\u0438\u0440\u0443\u044e\u0449\u0438\u0435\u0441\u044f \u043f\u0435\u0440\u0435\u0434\u043d\u0438\u0435 \u043a\u043e\u043b\u0435\u0441\u0430 \u0441 \u0432\u043e\u0437\u043c\u043e\u0436\u043d\u043e\u0441\u0442\u044c\u044e \u0431\u043b\u043e\u043a\u0438\u0440\u043e\u0432\u043a\u0438 \u0434\u043b\u044f \u0434\u0432\u0438\u0436\u0435\u043d\u0438\u044f \u043f\u0440\u044f\u043c\u043e,<br \/>\n&#8212; \u0421\u0442\u043e\u044f\u043d\u043e\u0447\u043d\u044b\u0439 \u0442\u043e\u0440\u043c\u043e\u0437,<br \/>\n\u2014 \u0431\u043e\u043b\u044c\u0448\u043e\u0439 \u043a\u043e\u0437\u044b\u0440\u0435\u043a \u043e\u0442 \u0441\u043e\u043b\u043d\u0446\u0430 \u0441 \u0434\u043e\u043f\u043e\u043b\u043d\u0438\u0442\u0435\u043b\u044c\u043d\u043e\u0439 \u0441\u0435\u043a\u0446\u0438\u0435\u0439<br \/>\n\u2013 \u0437\u0430\u0449\u0438\u0442\u043d\u044b\u0439 \u0431\u0430\u0440\u044c\u0435\u0440 \u0438 \u0440\u0443\u0447\u043a\u0430 \u043e\u0431\u0448\u0438\u0442\u044b \u044d\u043a\u043e-\u043a\u043e\u0436\u0435\u0439,<br \/>\n\u2014 5-\u0442\u043e\u0447\u0435\u0447\u043d\u044b\u0435 \u0440\u0435\u043c\u043d\u0438 \u0431\u0435\u0437\u043e\u043f\u0430\u0441\u043d\u043e\u0441\u0442\u0438<br \/>\n\u2013 \u043a\u043e\u043b\u044f\u0441\u043a\u0430 \u0438\u0437\u0433\u043e\u0442\u043e\u0432\u043b\u0435\u043d\u0430 \u0432 \u0441\u043e\u043e\u0442\u0432\u0435\u0442\u0441\u0442\u0432\u0438\u0438 \u0441 \u0435\u0432\u0440\u043e\u043f\u0435\u0439\u0441\u043a\u0438\u043c \u0441\u0442\u0430\u043d\u0434\u0430\u0440\u0442\u043e\u043c \u0431\u0435\u0437\u043e\u043f\u0430\u0441\u043d\u043e\u0441\u0442\u0438 EN 1888-1:2018 \u0438 EN 1888-2:2018 (\u0434\u043b\u044f \u0434\u0435\u0442\u0435\u0439 \u0434\u043e 22 \u043a\u0433!),<br \/>\n\u2014 \u0434\u043e\u0436\u0434\u0435\u0432\u0438\u043a \u0441 \u0432\u0435\u043d\u0442\u0438\u043b\u044f\u0446\u0438\u043e\u043d\u043d\u044b\u043c\u0438 \u043e\u0442\u0432\u0435\u0440\u0441\u0442\u0438\u044f\u043c\u0438, \u0437\u0430\u043a\u0440\u044b\u0432\u0430\u044e\u0449\u0438\u043c\u0438 \u0432\u0441\u044e \u043e\u0431\u0438\u0432\u043a\u0443 \u043a\u043e\u043b\u044f\u0441\u043a\u0438,<br \/>\n\u2014 \u0447\u0435\u0445\u043e\u043b \u043d\u0430 \u043d\u043e\u0436\u043a\u0438 \u0440\u0435\u0431\u0435\u043d\u043a\u0430 (\u0437\u0438\u043c\u043d\u0438\u0439 \u0447\u0435\u0445\u043e\u043b),<br \/>\n\u2013 \u043f\u0440\u0430\u043a\u0442\u0438\u0447\u043d\u044b\u0439 \u0432\u043c\u0435\u0441\u0442\u0438\u0442\u0435\u043b\u044c\u043d\u044b\u0439 \u043a\u0430\u0440\u043c\u0430\u043d \u0432 \u0441\u043f\u0438\u043d\u043a\u0435 \u0441\u0438\u0434\u0435\u043d\u044c\u044f,<br \/>\n\u2014 \u0443\u0434\u043e\u0431\u043d\u0430\u044f \u043f\u043e\u0434\u0443\u0448\u043a\u0430 \u043f\u043e\u0434 \u0433\u043e\u043b\u043e\u0432\u0443 \u0440\u0435\u0431\u0435\u043d\u043a\u0430 \u0438\u0437 \u043c\u044f\u0433\u043a\u043e\u0439 \u0442\u043a\u0430\u043d\u0438,<br \/>\n\u2013 \u0441\u0432\u0435\u0442\u043e\u043e\u0442\u0440\u0430\u0436\u0430\u044e\u0449\u0430\u044f \u043e\u0442\u0434\u0435\u043b\u043a\u0430 \u043f\u043e \u0431\u043e\u043a\u0430\u043c \u043a\u043e\u043b\u044f\u0441\u043a\u0438 \u0438 \u0441\u043f\u0435\u0440\u0435\u0434\u0438 (\u0432\u0438\u0434\u0438\u043c\u043e\u0441\u0442\u044c \u0438 \u0431\u0435\u0437\u043e\u043f\u0430\u0441\u043d\u043e\u0441\u0442\u044c),<br \/>\n\u2013 \u0442\u043a\u0430\u043d\u044c \u0441 \u043f\u0440\u043e\u043f\u0438\u0442\u043a\u043e\u0439 \u0438 \u0441\u043e\u0432\u0440\u0435\u043c\u0435\u043d\u043d\u044b\u0435 \u0432\u043e\u0434\u043e\u043d\u0435\u043f\u0440\u043e\u043d\u0438\u0446\u0430\u0435\u043c\u044b\u0435 \u043c\u043e\u043b\u043d\u0438\u0438,<br \/>\n&#8212; \u0442\u043a\u0430\u043d\u0438 \u0441 \u0423\u0424-\u0444\u0438\u043b\u044c\u0442\u0440\u043e\u043c.<\/p>\n<p><strong>\u0420\u0410\u0417\u041c\u0415\u0420\u042b (\u0441\u043c):<\/strong><\/p>\n<p>\u0412 \u0440\u0430\u0437\u043b\u043e\u0436\u0435\u043d\u043d\u043e\u043c \u0432\u0438\u0434\u0435 (\u0441 \u043a\u043e\u043b\u0435\u0441\u0430\u043c\u0438): 86 \u0445 56 \u0445 103<br \/>\n\u0412 \u0441\u043e\u0431\u0440\u0430\u043d\u043d\u043e\u043c \u0432\u0438\u0434\u0435 (\u0441 \u043a\u043e\u043b\u0435\u0441\u0430\u043c\u0438): 40 \u0445 56 \u0445 67<br \/>\n\u0414\u043b\u0438\u043d\u0430 \u0441\u043f\u0430\u043b\u044c\u043d\u043e\u0439 \u043f\u043e\u0432\u0435\u0440\u0445\u043d\u043e\u0441\u0442\u0438: 89<br \/>\n\u0428\u0438\u0440\u0438\u043d\u0430 \u0441\u0438\u0434\u0435\u043d\u044c\u044f: 37<br \/>\n\u0412\u044b\u0441\u043e\u0442\u0430 \u0441\u043f\u0438\u043d\u043a\u0438: 44<br \/>\n\u0413\u043b\u0443\u0431\u0438\u043d\u0430 \u0441\u0438\u0434\u0435\u043d\u044c\u044f: 24<br \/>\n\u0414\u043b\u0438\u043d\u0430 \u043f\u043e\u0434\u043d\u043e\u0436\u043a\u0438: 21<br \/>\n\u0414\u0438\u0430\u043c\u0435\u0442\u0440 \u043a\u043e\u043b\u0435\u0441 (\u043f\u0435\u0440\u0435\u0434\/\u0437\u0430\u0434): 18\/24<\/p>\n<p>\u0412\u0415\u0421 [\u043a\u0433]: 8,80<\/p>\n<p><span style=\"color: #ff0000;\">\u0421\u0420\u041e\u041a \u0414\u041e\u0421\u0422\u0410\u0412\u041a\u0418 (\u0415\u0421\u041b\u0418 \u041d\u0415\u0422 \u0412 \u041d\u0410\u041b\u0418\u0427\u0418\u0418) 1-2\u00a0 \u041d\u0415\u0414\u0415\u041b\u0418.<\/span><\/p>\n<p><span style=\"color: #ff0000;\">\u041e \u041d\u0410\u041b\u0418\u0427\u0418\u0418 \u0422\u041e\u0412\u0410\u0420\u0410 \u041d\u0410 \u0421\u041a\u041b\u0410\u0414\u0415 \u041c\u041e\u0416\u041d\u041e \u0423\u0417\u041d\u0410\u0422\u042c, \u041d\u0410\u041f\u0418\u0421\u0410\u0412 \u041d\u0410\u041c \u041d\u0410 \u042d-\u041c\u0410\u0419\u041b info@babykids.ee \u00a0\u0418\u041b\u0418 \u041f\u041e\u0417\u0412\u041e\u041d\u0418\u0412 \u041f\u041e \u0422\u0415\u041b\u0415\u0424\u041e\u041d\u0423 +372 58800835<\/span><\/p>\n","protected":false},"excerpt":{"rendered":"<p>Euro-Cart Corso \u0422\u0415\u0425\u041d\u0418\u0427\u0415\u0421\u041a\u0418\u0415 \u0425\u0410\u0420\u0410\u041a\u0422\u0415\u0420\u0418\u0421\u0422\u0418\u041a\u0418 \u2014 \u0441\u043e\u0432\u0440\u0435\u043c\u0435\u043d\u043d\u0430\u044f \u043a\u043e\u043b\u044f\u0441\u043a\u0430 \u0441 \u0432\u043e\u0437\u043c\u043e\u0436\u043d\u043e\u0441\u0442\u044c\u044e \u043f\u043e\u043a\u0443\u043f\u043a\u0438 \u0434\u0435\u0442\u0441\u043a\u043e\u0433\u043e \u0432\u043a\u043b\u0430\u0434\u044b\u0448\u0430 ( \u043c\u044f\u0433\u043a\u0430\u044f \u043b\u044e\u043b\u044c\u043a\u0430), \u2013 \u0431\u043e\u043b\u044c\u0448\u043e\u0435 \u0441\u0438\u0434\u0435\u043d\u044c\u0435 \u2014 \u0441\u0438\u0434\u0435\u043d\u044c\u0435&#8230;<\/p>\n","protected":false},"featured_media":39627,"menu_order":544,"template":"","meta":[],"product_brand":[],"product_cat":[15,614],"product_tag":[],"class_list":{"0":"post-39612","1":"product","2":"type-product","3":"status-publish","4":"has-post-thumbnail","6":"product_cat-koljaski","7":"product_cat-614","9":"first","10":"instock","11":"taxable","12":"shipping-taxable","13":"purchasable","14":"product-type-variable"},"_links":{"self":[{"href":"https:\/\/babykids.ee\/ru\/wp-json\/wp\/v2\/product\/39612","targetHints":{"allow":["GET"]}}],"collection":[{"href":"https:\/\/babykids.ee\/ru\/wp-json\/wp\/v2\/product"}],"about":[{"href":"https:\/\/babykids.ee\/ru\/wp-json\/wp\/v2\/types\/product"}],"wp:featuredmedia":[{"embeddable":true,"href":"https:\/\/babykids.ee\/ru\/wp-json\/wp\/v2\/media\/39627"}],"wp:attachment":[{"href":"https:\/\/babykids.ee\/ru\/wp-json\/wp\/v2\/media?parent=39612"}],"wp:term":[{"taxonomy":"product_brand","embeddable":true,"href":"https:\/\/babykids.ee\/ru\/wp-json\/wp\/v2\/product_brand?post=39612"},{"taxonomy":"product_cat","embeddable":true,"href":"https:\/\/babykids.ee\/ru\/wp-json\/wp\/v2\/product_cat?post=39612"},{"taxonomy":"product_tag","embeddable":true,"href":"https:\/\/babykids.ee\/ru\/wp-json\/wp\/v2\/product_tag?post=39612"}],"curies":[{"name":"wp","href":"https:\/\/api.w.org\/{rel}","templated":true}]}}